{"id":2725,"date":"2025-03-01T14:52:31","date_gmt":"2025-03-01T14:52:31","guid":{"rendered":"https:\/\/www.wholesalexpress.ca\/contact\/"},"modified":"2025-06-10T13:53:27","modified_gmt":"2025-06-10T13:53:27","slug":"contact","status":"publish","type":"page","link":"http:\/\/34.231.115.36\/fr\/contact\/","title":{"rendered":"Contact"},"content":{"rendered":"\t\t<div data-elementor-type=\"wp-page\" data-elementor-id=\"2725\" class=\"elementor elementor-2725 elementor-1213\" data-elementor-post-type=\"page\">\n\t\t\t\t<div class=\"elementor-element elementor-element-6c2fcd02 e-con-full e-flex e-con e-parent\" data-id=\"6c2fcd02\" data-element_type=\"container\" data-e-type=\"container\" data-settings=\"{&quot;background_background&quot;:&quot;classic&quot;,&quot;animation_mobile&quot;:&quot;fadeInUp&quot;}\">\n\t\t<div class=\"elementor-element elementor-element-8113592 e-con-full e-flex e-con e-child\" data-id=\"8113592\" data-element_type=\"container\" data-e-type=\"container\">\n\t\t\t\t<div class=\"elementor-element elementor-element-58731f6 elementor-widget-mobile__width-auto elementor-invisible elementor-widget elementor-widget-heading\" data-id=\"58731f6\" data-element_type=\"widget\" data-e-type=\"widget\" data-settings=\"{&quot;_animation&quot;:&quot;fadeInUp&quot;,&quot;_animation_delay&quot;:100}\" data-widget_type=\"heading.default\">\n\t\t\t\t<div class=\"elementor-widget-container\">\n\t\t\t\t\t<h2 class=\"elementor-heading-title elementor-size-default\">Contact<\/h2>\t\t\t\t<\/div>\n\t\t\t\t<\/div>\n\t\t\t\t<div class=\"elementor-element elementor-element-50f3856 elementor-widget__width-inherit elementor-widget-tablet__width-inherit elementor-invisible elementor-widget elementor-widget-heading\" data-id=\"50f3856\" data-element_type=\"widget\" data-e-type=\"widget\" data-settings=\"{&quot;_animation&quot;:&quot;fadeInUp&quot;,&quot;_animation_delay&quot;:200}\" data-widget_type=\"heading.default\">\n\t\t\t\t<div class=\"elementor-widget-container\">\n\t\t\t\t\t<h1 class=\"elementor-heading-title elementor-size-default\">Des questions ?<br>Obtenez vos r\u00e9ponses.<\/h1>\t\t\t\t<\/div>\n\t\t\t\t<\/div>\n\t\t\t\t<div class=\"elementor-element elementor-element-34082cb elementor-widget__width-initial elementor-invisible elementor-widget elementor-widget-text-editor\" data-id=\"34082cb\" data-element_type=\"widget\" data-e-type=\"widget\" data-settings=\"{&quot;_animation&quot;:&quot;fadeInUp&quot;,&quot;_animation_delay&quot;:600}\" data-widget_type=\"text-editor.default\">\n\t\t\t\t<div class=\"elementor-widget-container\">\n\t\t\t\t\t\t\t\t\tDes r\u00e9ponses claires et des solutions intelligentes. Nous avan\u00e7ons \u00e0 votre rythme, rendant la gestion des stocks fluide et les transactions simples. Ensemble, allons plus vite que vous ne pouvez dire WholesaleXpress.  \t\t\t\t\t\t\t\t<\/div>\n\t\t\t\t<\/div>\n\t\t\t\t<\/div>\n\t\t\t\t<\/div>\n\t\t<div class=\"elementor-element elementor-element-b492120 e-con-full e-flex e-con e-parent\" data-id=\"b492120\" data-element_type=\"container\" data-e-type=\"container\">\n\t\t<div class=\"elementor-element elementor-element-68c9acb e-con-full e-flex e-con e-child\" data-id=\"68c9acb\" data-element_type=\"container\" data-e-type=\"container\">\n\t\t\t\t<div class=\"elementor-element elementor-element-34a697d elementor-widget__width-initial elementor-widget elementor-widget-heading\" data-id=\"34a697d\" data-element_type=\"widget\" data-e-type=\"widget\" data-widget_type=\"heading.default\">\n\t\t\t\t<div class=\"elementor-widget-container\">\n\t\t\t\t\t<h2 class=\"elementor-heading-title elementor-size-default\">Voici comment nous contacter :<\/h2>\t\t\t\t<\/div>\n\t\t\t\t<\/div>\n\t\t\t\t<div class=\"elementor-element elementor-element-4337843 elementor-widget__width-inherit elementor-list-item-link-full_width elementor-widget elementor-widget-icon-list\" data-id=\"4337843\" data-element_type=\"widget\" data-e-type=\"widget\" data-widget_type=\"icon-list.default\">\n\t\t\t\t<div class=\"elementor-widget-container\">\n\t\t\t\t\t\t\t<ul class=\"elementor-icon-list-items\">\n\t\t\t\t\t\t\t<li class=\"elementor-icon-list-item\">\n\t\t\t\t\t\t\t\t\t\t\t<a href=\"https:\/\/maps.app.goo.gl\/rnejtEUFNtpS1SKaA\">\n\n\t\t\t\t\t\t\t\t\t\t\t\t<span class=\"elementor-icon-list-icon\">\n\t\t\t\t\t\t\t<svg xmlns=\"http:\/\/www.w3.org\/2000\/svg\" xmlns:i=\"http:\/\/ns.adobe.com\/AdobeIllustrator\/10.0\/\" id=\"Layer_1\" viewBox=\"0 0 32 32\"><path d=\"M26,12c0-5.5-4.5-10-10-10S6,6.5,6,12s.3,2.3,1,4c.7,1.6,1.6,3.4,2.7,5.1,2.1,3.5,4.7,6.8,6.2,8.8,1.6-2,4.1-5.3,6.2-8.8,1.1-1.8,2-3.5,2.7-5.1.7-1.6,1-3,1-4ZM28,12c0,5.5-7.3,15.2-10.5,19.2-.8,1-2.2,1-3,0-3.2-4-10.5-13.7-10.5-19.2S9.4,0,16,0s12,5.4,12,12ZM13,12c0,.8.3,1.6.9,2.1s1.3.9,2.1.9,1.6-.3,2.1-.9c.6-.6.9-1.3.9-2.1s-.3-1.6-.9-2.1c-.6-.6-1.3-.9-2.1-.9s-1.6.3-2.1.9c-.6.6-.9,1.3-.9,2.1ZM16,17c-1.3,0-2.6-.5-3.5-1.5-.9-.9-1.5-2.2-1.5-3.5s.5-2.6,1.5-3.5c.9-.9,2.2-1.5,3.5-1.5s2.6.5,3.5,1.5c.9.9,1.5,2.2,1.5,3.5s-.5,2.6-1.5,3.5c-.9.9-2.2,1.5-3.5,1.5Z\"><\/path><metadata><\/metadata><\/svg>\t\t\t\t\t\t<\/span>\n\t\t\t\t\t\t\t\t\t\t<span class=\"elementor-icon-list-text\">Adresse postale<br><u>838 Boulevard du Lac, Qu\u00e9bec, Qu\u00e9bec, G2M 0C9, Canada<\/u><\/span>\n\t\t\t\t\t\t\t\t\t\t\t<\/a>\n\t\t\t\t\t\t\t\t\t<\/li>\n\t\t\t\t\t\t\t\t<li class=\"elementor-icon-list-item\">\n\t\t\t\t\t\t\t\t\t\t\t<span class=\"elementor-icon-list-icon\">\n\t\t\t\t\t\t\t<svg xmlns=\"http:\/\/www.w3.org\/2000\/svg\" xmlns:xlink=\"http:\/\/www.w3.org\/1999\/xlink\" xmlns:i=\"http:\/\/ns.adobe.com\/AdobeIllustrator\/10.0\/\" id=\"Layer_1\" viewBox=\"0 0 32 32\"><defs><style>      .st0 {        fill: none;      }      .st1 {        clip-path: url(#clippath);      }    <\/style><clipPath id=\"clippath\"><rect class=\"st0\" width=\"32\" height=\"32\"><\/rect><\/clipPath><\/defs><g class=\"st1\"><path d=\"M23.5,17.2c-1-.4-2.2-.2-2.9.7l-2.1,2.5c-2.9-1.7-5.3-4.1-6.9-6.9l2.5-2.1c.9-.7,1.2-1.9.7-2.9l-3-7c-.5-1.1-1.6-1.7-2.8-1.5L2,1.6c-1.2.2-2,1.3-2,2.4,0,14.8,11.5,26.9,26,27.9.3,0,.6,0,.9,0,0,0,0,0,0,0,.4,0,.8,0,1.1,0,1.2,0,2.2-.8,2.4-2l1.5-7c.2-1.2-.4-2.4-1.5-2.8l-7-3h0ZM28,30c-14.4,0-26-11.6-26-26s.2-.4.4-.5l7-1.5c.2,0,.5,0,.6.3l3,7c0,.2,0,.4-.1.6l-2.5,2.1c-.8.6-1,1.7-.5,2.6,1.8,3.2,4.5,5.8,7.7,7.7.9.5,1.9.3,2.5-.5l2.1-2.5c.1-.2.4-.2.6-.1l7,3c.2,0,.3.3.3.6l-1.5,7c0,.2-.3.4-.5.4h0,0Z\"><\/path><\/g><metadata><\/metadata><\/svg>\t\t\t\t\t\t<\/span>\n\t\t\t\t\t\t\t\t\t\t<span class=\"elementor-icon-list-text\">1-866-945-0637<\/span>\n\t\t\t\t\t\t\t\t\t<\/li>\n\t\t\t\t\t\t\t\t<li class=\"elementor-icon-list-item\">\n\t\t\t\t\t\t\t\t\t\t\t<a href=\"http:\/\/info@wholesalexpress.com\">\n\n\t\t\t\t\t\t\t\t\t\t\t\t<span class=\"elementor-icon-list-icon\">\n\t\t\t\t\t\t\t<svg xmlns=\"http:\/\/www.w3.org\/2000\/svg\" xmlns:xlink=\"http:\/\/www.w3.org\/1999\/xlink\" xmlns:i=\"http:\/\/ns.adobe.com\/AdobeIllustrator\/10.0\/\" id=\"Layer_1\" viewBox=\"0 0 32 32\"><defs><style>      .st0 {        fill: none;      }      .st1 {        clip-path: url(#clippath);      }    <\/style><clipPath id=\"clippath\"><rect class=\"st0\" width=\"32\" height=\"32\"><\/rect><\/clipPath><\/defs><g class=\"st1\"><path d=\"M32,2.3c.1-.8-.2-1.5-.8-1.9-.6-.4-1.5-.5-2.1,0L1,16.3c-.7.4-1.1,1.1-1,1.9,0,.8.5,1.4,1.2,1.7l8.8,3.6v5.8c0,1.5,1.2,2.7,2.7,2.7s1.6-.4,2.1-1l3.3-4.1h0l7.1,3c.6.2,1.2.2,1.8-.1.5-.3.9-.8,1-1.4L32,2.3h0ZM16.2,26.1l-2.9,3.7c-.1.2-.3.3-.5.3-.4,0-.7-.3-.7-.7v-5l4.2,1.7ZM18.9,25l-6-2.5L29.6,4.4l-3.6,23.6-7.1-3h0ZM28.2,3.1L10.9,21.7l-8.8-3.7L28.2,3.1Z\"><\/path><\/g><metadata><\/metadata><\/svg>\t\t\t\t\t\t<\/span>\n\t\t\t\t\t\t\t\t\t\t<span class=\"elementor-icon-list-text\"><u>info@wholesalexpress.ca<\/u><\/span>\n\t\t\t\t\t\t\t\t\t\t\t<\/a>\n\t\t\t\t\t\t\t\t\t<\/li>\n\t\t\t\t\t\t\t\t<li class=\"elementor-icon-list-item\">\n\t\t\t\t\t\t\t\t\t\t\t<span class=\"elementor-icon-list-icon\">\n\t\t\t\t\t\t\t<svg xmlns=\"http:\/\/www.w3.org\/2000\/svg\" xmlns:xlink=\"http:\/\/www.w3.org\/1999\/xlink\" xmlns:i=\"http:\/\/ns.adobe.com\/AdobeIllustrator\/10.0\/\" id=\"Layer_1\" viewBox=\"0 0 32 32\"><defs><style>      .st0 {        fill: none;      }      .st1 {        clip-path: url(#clippath);      }    <\/style><clipPath id=\"clippath\"><rect class=\"st0\" width=\"32\" height=\"32\"><\/rect><\/clipPath><\/defs><g class=\"st1\"><path d=\"M30,16c0,3.7-1.5,7.3-4.1,9.9s-6.2,4.1-9.9,4.1-7.3-1.5-9.9-4.1c-2.6-2.6-4.1-6.2-4.1-9.9s1.5-7.3,4.1-9.9c2.6-2.6,6.2-4.1,9.9-4.1s7.3,1.5,9.9,4.1c2.6,2.6,4.1,6.2,4.1,9.9ZM0,16c0,4.2,1.7,8.3,4.7,11.3,3,3,7.1,4.7,11.3,4.7s8.3-1.7,11.3-4.7c3-3,4.7-7.1,4.7-11.3s-1.7-8.3-4.7-11.3C24.3,1.7,20.2,0,16,0S7.7,1.7,4.7,4.7C1.7,7.7,0,11.8,0,16ZM15,7v9c0,.3.2.6.4.8l6,4c.5.3,1.1.2,1.4-.3.3-.5.2-1.1-.3-1.4l-5.6-3.7V7c0-.6-.5-1-1-1s-1,.4-1,1Z\"><\/path><\/g><metadata><\/metadata><\/svg>\t\t\t\t\t\t<\/span>\n\t\t\t\t\t\t\t\t\t\t<span class=\"elementor-icon-list-text\">09:00 \u00e0 17:00 EST<\/span>\n\t\t\t\t\t\t\t\t\t<\/li>\n\t\t\t\t\t\t<\/ul>\n\t\t\t\t\t\t<\/div>\n\t\t\t\t<\/div>\n\t\t\t\t<\/div>\n\t\t<div class=\"elementor-element elementor-element-cdadce2 e-con-full e-flex e-con e-child\" data-id=\"cdadce2\" data-element_type=\"container\" data-e-type=\"container\">\n\t\t\t\t<div class=\"elementor-element elementor-element-2af7c00 elementor-widget__width-initial elementor-widget elementor-widget-heading\" data-id=\"2af7c00\" data-element_type=\"widget\" data-e-type=\"widget\" data-widget_type=\"heading.default\">\n\t\t\t\t<div class=\"elementor-widget-container\">\n\t\t\t\t\t<h2 class=\"elementor-heading-title elementor-size-default\">Envoyez-nous une note :<\/h2>\t\t\t\t<\/div>\n\t\t\t\t<\/div>\n\t\t\t\t<div class=\"elementor-element elementor-element-7351b17 elementor-widget__width-initial elementor-button-align-end elementor-widget elementor-widget-form\" data-id=\"7351b17\" data-element_type=\"widget\" data-e-type=\"widget\" data-settings=\"{&quot;step_next_label&quot;:&quot;Suivant&quot;,&quot;step_previous_label&quot;:&quot;Pr\\u00e9c\\u00e9dent&quot;,&quot;step_type&quot;:&quot;number_text&quot;,&quot;step_icon_shape&quot;:&quot;circle&quot;}\" data-widget_type=\"form.default\">\n\t\t\t\t<div class=\"elementor-widget-container\">\n\t\t\t\t\t\t\t<form class=\"elementor-form\" method=\"post\" name=\"Nouveau formulaire\" aria-label=\"Nouveau formulaire\">\n\t\t\t<input type=\"hidden\" name=\"post_id\" value=\"2725\"\/>\n\t\t\t<input type=\"hidden\" name=\"form_id\" value=\"7351b17\"\/>\n\t\t\t<input type=\"hidden\" name=\"referer_title\" value=\"Contact\" \/>\n\n\t\t\t\t\t\t\t<input type=\"hidden\" name=\"queried_id\" value=\"2725\"\/>\n\t\t\t\n\t\t\t<div class=\"elementor-form-fields-wrapper elementor-labels-above\">\n\t\t\t\t\t\t\t\t<div class=\"elementor-field-type-text elementor-field-group elementor-column elementor-field-group-name elementor-col-50 elementor-field-required\">\n\t\t\t\t\t\t\t\t\t\t\t\t<label for=\"form-field-name\" class=\"elementor-field-label\">\n\t\t\t\t\t\t\t\tPr\u00e9nom\t\t\t\t\t\t\t<\/label>\n\t\t\t\t\t\t\t\t\t\t\t\t\t\t<input size=\"1\" type=\"text\" name=\"form_fields[name]\" id=\"form-field-name\" class=\"elementor-field elementor-size-md  elementor-field-textual\" placeholder=\"Saisissez votre pr\u00e9nom ici...\" required=\"required\">\n\t\t\t\t\t\t\t\t\t\t\t<\/div>\n\t\t\t\t\t\t\t\t<div class=\"elementor-field-type-text elementor-field-group elementor-column elementor-field-group-field_3b3fb85 elementor-col-50 elementor-field-required\">\n\t\t\t\t\t\t\t\t\t\t\t\t<label for=\"form-field-field_3b3fb85\" class=\"elementor-field-label\">\n\t\t\t\t\t\t\t\tNom\t\t\t\t\t\t\t<\/label>\n\t\t\t\t\t\t\t\t\t\t\t\t\t\t<input size=\"1\" type=\"text\" name=\"form_fields[field_3b3fb85]\" id=\"form-field-field_3b3fb85\" class=\"elementor-field elementor-size-md  elementor-field-textual\" placeholder=\"Saisissez votre adresse e-mail ici...\" required=\"required\">\n\t\t\t\t\t\t\t\t\t\t\t<\/div>\n\t\t\t\t\t\t\t\t<div class=\"elementor-field-type-email elementor-field-group elementor-column elementor-field-group-email elementor-col-50 elementor-field-required\">\n\t\t\t\t\t\t\t\t\t\t\t\t<label for=\"form-field-email\" class=\"elementor-field-label\">\n\t\t\t\t\t\t\t\tAdresse e-mail\t\t\t\t\t\t\t<\/label>\n\t\t\t\t\t\t\t\t\t\t\t\t\t\t<input size=\"1\" type=\"email\" name=\"form_fields[email]\" id=\"form-field-email\" class=\"elementor-field elementor-size-md  elementor-field-textual\" placeholder=\"Saisissez votre adresse e-mail ici...\" required=\"required\">\n\t\t\t\t\t\t\t\t\t\t\t<\/div>\n\t\t\t\t\t\t\t\t<div class=\"elementor-field-type-tel elementor-field-group elementor-column elementor-field-group-field_3b208bc elementor-col-50 elementor-field-required\">\n\t\t\t\t\t\t\t\t\t\t\t\t<label for=\"form-field-field_3b208bc\" class=\"elementor-field-label\">\n\t\t\t\t\t\t\t\tNum\u00e9ro de t\u00e9l\u00e9phone\t\t\t\t\t\t\t<\/label>\n\t\t\t\t\t\t\t\t<input size=\"1\" type=\"tel\" name=\"form_fields[field_3b208bc]\" id=\"form-field-field_3b208bc\" class=\"elementor-field elementor-size-md  elementor-field-textual\" placeholder=\"Saisissez votre num\u00e9ro de t\u00e9l\u00e9phone ici...\" required=\"required\" pattern=\"[0-9()#&amp;+*-=.]+\" title=\"Seuls les caract\u00e8res de num\u00e9ros de t\u00e9l\u00e9phone (#, -, *, etc.) sont accept\u00e9s.\">\n\n\t\t\t\t\t\t<\/div>\n\t\t\t\t\t\t\t\t<div class=\"elementor-field-type-textarea elementor-field-group elementor-column elementor-field-group-message elementor-col-100 elementor-field-required\">\n\t\t\t\t\t\t\t\t\t\t\t\t<label for=\"form-field-message\" class=\"elementor-field-label\">\n\t\t\t\t\t\t\t\tMessage\t\t\t\t\t\t\t<\/label>\n\t\t\t\t\t\t<textarea class=\"elementor-field-textual elementor-field  elementor-size-md\" name=\"form_fields[message]\" id=\"form-field-message\" rows=\"4\" placeholder=\"R\u00e9digez votre message...\" required=\"required\"><\/textarea>\t\t\t\t<\/div>\n\t\t\t\t\t\t\t\t<div class=\"elementor-field-type-checkbox elementor-field-group elementor-column elementor-field-group-field_70a3a30 elementor-col-100\">\n\t\t\t\t\t<div class=\"elementor-field-subgroup  \"><span class=\"elementor-field-option\"><input type=\"checkbox\" value=\"Oui, je souhaite recevoir des mises \u00e0 jour occasionnelles de WholesaleXpress. Je comprends que je peux me d\u00e9sinscrire \u00e0 tout moment en cliquant sur le lien en bas des e-mails de WholesaleXpress. \" id=\"form-field-field_70a3a30-0\" name=\"form_fields[field_70a3a30]\"> <label for=\"form-field-field_70a3a30-0\">Oui, je souhaite recevoir des mises \u00e0 jour occasionnelles de WholesaleXpress. Je comprends que je peux me d\u00e9sinscrire \u00e0 tout moment en cliquant sur le lien en bas des e-mails de WholesaleXpress. <\/label><\/span><\/div>\t\t\t\t<\/div>\n\t\t\t\t\t\t\t\t<div class=\"elementor-field-type-recaptcha_v3 elementor-field-group elementor-column elementor-field-group-field_573ae60 elementor-col-100 recaptcha_v3-bottomright\">\n\t\t\t\t\t<div class=\"elementor-field\" id=\"form-field-field_573ae60\"><div class=\"elementor-g-recaptcha\" data-sitekey=\"6LeiglsrAAAAAI7LZ9ssQU7BdWDmenjfJvd6t1ht\" data-type=\"v3\" data-action=\"Form\" data-badge=\"bottomright\" data-size=\"invisible\"><\/div><\/div>\t\t\t\t<\/div>\n\t\t\t\t\t\t\t\t<div class=\"elementor-field-group elementor-column elementor-field-type-submit elementor-col-100 e-form__buttons\">\n\t\t\t\t\t<button class=\"elementor-button elementor-size-md\" type=\"submit\">\n\t\t\t\t\t\t<span class=\"elementor-button-content-wrapper\">\n\t\t\t\t\t\t\t\t\t\t\t\t\t\t\t\t\t\t\t\t\t\t<span class=\"elementor-button-text\">Envoyer<\/span>\n\t\t\t\t\t\t\t\t\t\t\t\t\t<\/span>\n\t\t\t\t\t<\/button>\n\t\t\t\t<\/div>\n\t\t\t<\/div>\n\t\t<\/form>\n\t\t\t\t\t\t<\/div>\n\t\t\t\t<\/div>\n\t\t\t\t<\/div>\n\t\t\t\t<\/div>\n\t\t\t\t<\/div>\n\t\t","protected":false},"excerpt":{"rendered":"<p>Contact Des questions ?Obtenez vos r\u00e9ponses. Des r\u00e9ponses claires et des solutions intelligentes. Nous avan\u00e7ons \u00e0 votre rythme, rendant la gestion des stocks fluide et les transactions simples. Ensemble, allons plus vite que vous ne pouvez dire WholesaleXpress. Voici comment nous contacter : Adresse postale838 Boulevard du Lac, Qu\u00e9bec, Qu\u00e9bec, G2M 0C9, Canada 1-866-945-0637 info@wholesalexpress.ca &#8230; <a title=\"Contact\" class=\"read-more\" href=\"http:\/\/34.231.115.36\/fr\/contact\/\" aria-label=\"En savoir plus sur Contact\">Lire la suite<\/a><\/p>\n","protected":false},"author":1,"featured_media":0,"parent":0,"menu_order":0,"comment_status":"closed","ping_status":"closed","template":"","meta":{"inline_featured_image":false,"footnotes":""},"class_list":["post-2725","page","type-page","status-publish"],"_links":{"self":[{"href":"http:\/\/34.231.115.36\/fr\/wp-json\/wp\/v2\/pages\/2725","targetHints":{"allow":["GET"]}}],"collection":[{"href":"http:\/\/34.231.115.36\/fr\/wp-json\/wp\/v2\/pages"}],"about":[{"href":"http:\/\/34.231.115.36\/fr\/wp-json\/wp\/v2\/types\/page"}],"author":[{"embeddable":true,"href":"http:\/\/34.231.115.36\/fr\/wp-json\/wp\/v2\/users\/1"}],"replies":[{"embeddable":true,"href":"http:\/\/34.231.115.36\/fr\/wp-json\/wp\/v2\/comments?post=2725"}],"version-history":[{"count":17,"href":"http:\/\/34.231.115.36\/fr\/wp-json\/wp\/v2\/pages\/2725\/revisions"}],"predecessor-version":[{"id":3610,"href":"http:\/\/34.231.115.36\/fr\/wp-json\/wp\/v2\/pages\/2725\/revisions\/3610"}],"wp:attachment":[{"href":"http:\/\/34.231.115.36\/fr\/wp-json\/wp\/v2\/media?parent=2725"}],"curies":[{"name":"wp","href":"https:\/\/api.w.org\/{rel}","templated":true}]}}