{"id":2723,"date":"2025-03-06T02:42:47","date_gmt":"2025-03-06T02:42:47","guid":{"rendered":"https:\/\/www.wholesalexpress.ca\/blog\/"},"modified":"2025-03-11T21:40:47","modified_gmt":"2025-03-11T21:40:47","slug":"blog","status":"publish","type":"page","link":"http:\/\/34.231.115.36\/fr\/blog\/","title":{"rendered":"Blog"},"content":{"rendered":"\t\t<div data-elementor-type=\"wp-page\" data-elementor-id=\"2723\" class=\"elementor elementor-2723 elementor-1797\" data-elementor-post-type=\"page\">\n\t\t\t\t<div class=\"elementor-element elementor-element-11ac2d7 e-con-full e-flex e-con e-parent\" data-id=\"11ac2d7\" data-element_type=\"container\" data-e-type=\"container\">\n\t\t<div class=\"elementor-element elementor-element-8d6e7dc e-con-full e-flex e-con e-child\" data-id=\"8d6e7dc\" data-element_type=\"container\" data-e-type=\"container\">\n\t\t\t\t<div class=\"elementor-element elementor-element-026dfd4 elementor-widget-mobile__width-auto elementor-invisible elementor-widget elementor-widget-heading\" data-id=\"026dfd4\" data-element_type=\"widget\" data-e-type=\"widget\" data-settings=\"{&quot;_animation&quot;:&quot;fadeInUp&quot;,&quot;_animation_delay&quot;:100}\" data-widget_type=\"heading.default\">\n\t\t\t\t<div class=\"elementor-widget-container\">\n\t\t\t\t\t<h2 class=\"elementor-heading-title elementor-size-default\">Blog<\/h2>\t\t\t\t<\/div>\n\t\t\t\t<\/div>\n\t\t\t\t<div class=\"elementor-element elementor-element-ebf74ac elementor-widget__width-inherit elementor-widget-tablet__width-inherit elementor-invisible elementor-widget elementor-widget-heading\" data-id=\"ebf74ac\" data-element_type=\"widget\" data-e-type=\"widget\" data-settings=\"{&quot;_animation&quot;:&quot;fadeInUp&quot;,&quot;_animation_delay&quot;:200}\" data-widget_type=\"heading.default\">\n\t\t\t\t<div class=\"elementor-widget-container\">\n\t\t\t\t\t<h1 class=\"elementor-heading-title elementor-size-default\">Histoires, conseils et perspectives<\/h1>\t\t\t\t<\/div>\n\t\t\t\t<\/div>\n\t\t\t\t<div class=\"elementor-element elementor-element-385b323 elementor-widget__width-initial elementor-invisible elementor-widget elementor-widget-search\" data-id=\"385b323\" data-element_type=\"widget\" data-e-type=\"widget\" data-settings=\"{&quot;_animation&quot;:&quot;fadeInUp&quot;,&quot;submit_trigger&quot;:&quot;click_submit&quot;,&quot;pagination_type_options&quot;:&quot;none&quot;}\" data-widget_type=\"search.default\">\n\t\t\t\t<div class=\"elementor-widget-container\">\n\t\t\t\t\t\t\t<search class=\"e-search hidden\" role=\"search\">\n\t\t\t<form class=\"e-search-form\" action=\"http:\/\/34.231.115.36\/fr\/\" method=\"get\">\n\n\t\t\t\t\n\t\t\t\t<label class=\"e-search-label\" for=\"search-385b323\">\n\t\t\t\t\t<span class=\"elementor-screen-only\">\n\t\t\t\t\t\tRechercher \t\t\t\t\t<\/span>\n\t\t\t\t\t\t\t\t\t<\/label>\n\n\t\t\t\t<div class=\"e-search-input-wrapper\">\n\t\t\t\t\t<input id=\"search-385b323\" placeholder=\"Tapez pour commencer votre recherche\" class=\"e-search-input\" type=\"search\" name=\"s\" value=\"\" autocomplete=\"off\" role=\"combobox\" aria-autocomplete=\"list\" aria-expanded=\"false\" aria-controls=\"results-385b323\" aria-haspopup=\"listbox\">\n\t\t\t\t\t\t\t\t\t\t\t\t\t\t\t<output id=\"results-385b323\" class=\"e-search-results-container hide-loader\" aria-live=\"polite\" aria-atomic=\"true\" aria-label=\"Results for search\" tabindex=\"0\">\n\t\t\t\t\t\t<div class=\"e-search-results\"><\/div>\n\t\t\t\t\t\t\t\t\t\t\t<\/output>\n\t\t\t\t\t\t\t\t\t<\/div>\n\t\t\t\t\n\t\t\t\t\n\t\t\t\t<button class=\"e-search-submit  \" type=\"submit\">\n\t\t\t\t\t\n\t\t\t\t\t\t\t\t\t\t<span class=\"\">\n\t\t\t\t\t\tRechercher\t\t\t\t\t<\/span>\n\t\t\t\t\t\t\t\t\t<\/button>\n\t\t\t\t<input type=\"hidden\" name=\"e_search_props\" value=\"385b323-2723\">\n\t\t\t<\/form>\n\t\t<\/search>\n\t\t\t\t\t\t<\/div>\n\t\t\t\t<\/div>\n\t\t\t\t<\/div>\n\t\t<div class=\"elementor-element elementor-element-e4cc2d1 e-con-full e-flex e-con e-child\" data-id=\"e4cc2d1\" data-element_type=\"container\" data-e-type=\"container\">\n\t\t\t\t<div class=\"elementor-element elementor-element-673892f elementor-widget-divider--view-line elementor-widget elementor-widget-divider\" data-id=\"673892f\" data-element_type=\"widget\" data-e-type=\"widget\" data-widget_type=\"divider.default\">\n\t\t\t\t<div class=\"elementor-widget-container\">\n\t\t\t\t\t\t\t<div class=\"elementor-divider\">\n\t\t\t<span class=\"elementor-divider-separator\">\n\t\t\t\t\t\t<\/span>\n\t\t<\/div>\n\t\t\t\t\t\t<\/div>\n\t\t\t\t<\/div>\n\t\t\t\t<div class=\"elementor-element elementor-element-83939dc elementor-widget elementor-widget-heading\" data-id=\"83939dc\" data-element_type=\"widget\" data-e-type=\"widget\" data-widget_type=\"heading.default\">\n\t\t\t\t<div class=\"elementor-widget-container\">\n\t\t\t\t\t<h2 class=\"elementor-heading-title elementor-size-default\">Filtres<\/h2>\t\t\t\t<\/div>\n\t\t\t\t<\/div>\n\t\t\t\t<div class=\"elementor-element elementor-element-4b23d5d elementor-invisible elementor-widget elementor-widget-taxonomy-filter\" data-id=\"4b23d5d\" data-element_type=\"widget\" data-e-type=\"widget\" data-settings=\"{&quot;selected_element&quot;:&quot;18afc1b&quot;,&quot;taxonomy&quot;:&quot;category&quot;,&quot;item_alignment_horizontal&quot;:&quot;start&quot;,&quot;_animation&quot;:&quot;fadeInUp&quot;,&quot;multiple_selection&quot;:&quot;no&quot;,&quot;horizontal_scroll&quot;:&quot;disable&quot;}\" data-widget_type=\"taxonomy-filter.default\">\n\t\t\t\t<div class=\"elementor-widget-container\">\n\t\t\t\t\t\t\t<search class=\"e-filter\" role=\"search\" data-base-url=\"http:\/\/34.231.115.36\/fr\/\" data-page-num=\"1\">\n\t\t\t\t\t\t\t<button class=\"e-filter-item\" data-filter=\"acheteurs\" aria-pressed=\"false\">Acheteurs<\/button>\n\t\t\t\t\t\t\t<button class=\"e-filter-item\" data-filter=\"vendeurs\" aria-pressed=\"false\">Vendeurs<\/button>\n\t\t\t\n\t\t\t\t\t\t\t\t\t<button class=\"e-filter-item\" data-filter=\"__all\" aria-pressed=\"true\">\n\t\t\t\tTous\t\t\t<\/button>\n\t\t\t\t\t<\/search>\n\t\t\t\t\t\t<\/div>\n\t\t\t\t<\/div>\n\t\t\t\t<div class=\"elementor-element elementor-element-18afc1b elementor-grid-3 elementor-grid-tablet-2 elementor-grid-mobile-1 elementor-widget elementor-widget-loop-grid\" data-id=\"18afc1b\" data-element_type=\"widget\" data-e-type=\"widget\" data-settings=\"{&quot;template_id&quot;:1799,&quot;row_gap&quot;:{&quot;unit&quot;:&quot;px&quot;,&quot;size&quot;:8,&quot;sizes&quot;:[]},&quot;_skin&quot;:&quot;post&quot;,&quot;columns&quot;:&quot;3&quot;,&quot;columns_tablet&quot;:&quot;2&quot;,&quot;columns_mobile&quot;:&quot;1&quot;,&quot;edit_handle_selector&quot;:&quot;[data-elementor-type=\\&quot;loop-item\\&quot;]&quot;,&quot;row_gap_tablet&quot;:{&quot;unit&quot;:&quot;px&quot;,&quot;size&quot;:&quot;&quot;,&quot;sizes&quot;:[]},&quot;row_gap_mobile&quot;:{&quot;unit&quot;:&quot;px&quot;,&quot;size&quot;:&quot;&quot;,&quot;sizes&quot;:[]}}\" data-widget_type=\"loop-grid.post\">\n\t\t\t\t<div class=\"elementor-widget-container\">\n\t\t\t\t\t\t\t<div class=\"elementor-loop-container elementor-grid\" role=\"list\">\n\t\t<style id=\"loop-1799\">.elementor-1799 .elementor-element.elementor-element-73b3185{--display:flex;--flex-direction:column;--container-widget-width:calc( ( 1 - var( --container-widget-flex-grow ) ) * 100% );--container-widget-height:initial;--container-widget-flex-grow:0;--container-widget-align-self:initial;--flex-wrap-mobile:wrap;--align-items:flex-start;--overlay-opacity:0.5;--padding-top:8px;--padding-bottom:8px;--padding-left:8px;--padding-right:8px;}.elementor-1799 .elementor-element.elementor-element-73b3185::before, .elementor-1799 .elementor-element.elementor-element-73b3185 > .elementor-background-video-container::before, .elementor-1799 .elementor-element.elementor-element-73b3185 > .e-con-inner > .elementor-background-video-container::before, .elementor-1799 .elementor-element.elementor-element-73b3185 > .elementor-background-slideshow::before, .elementor-1799 .elementor-element.elementor-element-73b3185 > .e-con-inner > .elementor-background-slideshow::before, .elementor-1799 .elementor-element.elementor-element-73b3185 > .elementor-motion-effects-container > .elementor-motion-effects-layer::before{--background-overlay:'';}.elementor-widget-theme-post-featured-image .widget-image-caption{color:var( --e-global-color-text );font-family:var( --e-global-typography-text-font-family ), Sans-serif;font-size:var( --e-global-typography-text-font-size );font-weight:var( --e-global-typography-text-font-weight );letter-spacing:var( --e-global-typography-text-letter-spacing );}.elementor-1799 .elementor-element.elementor-element-ec05d90{text-align:start;width:100%;max-width:100%;}.elementor-1799 .elementor-element.elementor-element-ec05d90 img{width:100%;max-width:100%;height:100%;object-fit:cover;object-position:center center;opacity:1;border-radius:24px 24px 24px 24px;}.elementor-1799 .elementor-element.elementor-element-ec05d90 > .elementor-widget-container{padding:0px 0px 0px 0px;}.elementor-1799 .elementor-element.elementor-element-ec05d90.elementor-element{--align-self:center;}.elementor-widget-theme-post-title .elementor-heading-title{font-family:var( --e-global-typography-primary-font-family ), Sans-serif;font-size:var( --e-global-typography-primary-font-size );font-weight:var( --e-global-typography-primary-font-weight );color:var( --e-global-color-primary );}.elementor-1799 .elementor-element.elementor-element-e719966 .elementor-heading-title{font-family:\"Outfit\", Sans-serif;font-size:24px;font-weight:700;line-height:28px;color:#0C1327;}.elementor-widget-theme-post-excerpt .elementor-widget-container{font-family:var( --e-global-typography-text-font-family ), Sans-serif;font-size:var( --e-global-typography-text-font-size );font-weight:var( --e-global-typography-text-font-weight );letter-spacing:var( --e-global-typography-text-letter-spacing );color:var( --e-global-color-text );}.elementor-widget-post-info .elementor-icon-list-item:not(:last-child):after{border-color:var( --e-global-color-text );}.elementor-widget-post-info .elementor-icon-list-icon i{color:var( --e-global-color-primary );}.elementor-widget-post-info .elementor-icon-list-icon svg{fill:var( --e-global-color-primary );}.elementor-widget-post-info .elementor-icon-list-text, .elementor-widget-post-info .elementor-icon-list-text a{color:var( --e-global-color-secondary );}.elementor-widget-post-info .elementor-icon-list-item{font-family:var( --e-global-typography-text-font-family ), Sans-serif;font-size:var( --e-global-typography-text-font-size );font-weight:var( --e-global-typography-text-font-weight );letter-spacing:var( --e-global-typography-text-letter-spacing );}.elementor-1799 .elementor-element.elementor-element-a64d7e7 .elementor-icon-list-items:not(.elementor-inline-items) .elementor-icon-list-item:not(:last-child){padding-bottom:calc(25px\/2);}.elementor-1799 .elementor-element.elementor-element-a64d7e7 .elementor-icon-list-items:not(.elementor-inline-items) .elementor-icon-list-item:not(:first-child){margin-top:calc(25px\/2);}.elementor-1799 .elementor-element.elementor-element-a64d7e7 .elementor-icon-list-items.elementor-inline-items .elementor-icon-list-item{margin-right:calc(25px\/2);margin-left:calc(25px\/2);}.elementor-1799 .elementor-element.elementor-element-a64d7e7 .elementor-icon-list-items.elementor-inline-items{margin-right:calc(-25px\/2);margin-left:calc(-25px\/2);}body.rtl .elementor-1799 .elementor-element.elementor-element-a64d7e7 .elementor-icon-list-items.elementor-inline-items .elementor-icon-list-item:after{left:calc(-25px\/2);}body:not(.rtl) .elementor-1799 .elementor-element.elementor-element-a64d7e7 .elementor-icon-list-items.elementor-inline-items .elementor-icon-list-item:after{right:calc(-25px\/2);}.elementor-1799 .elementor-element.elementor-element-a64d7e7 .elementor-icon-list-item:not(:last-child):after{content:\"\";border-color:#ddd;}.elementor-1799 .elementor-element.elementor-element-a64d7e7 .elementor-icon-list-items:not(.elementor-inline-items) .elementor-icon-list-item:not(:last-child):after{border-top-style:solid;border-top-width:1px;}.elementor-1799 .elementor-element.elementor-element-a64d7e7 .elementor-icon-list-items.elementor-inline-items .elementor-icon-list-item:not(:last-child):after{border-left-style:solid;}.elementor-1799 .elementor-element.elementor-element-a64d7e7 .elementor-inline-items .elementor-icon-list-item:not(:last-child):after{border-left-width:1px;}.elementor-1799 .elementor-element.elementor-element-a64d7e7 .elementor-icon-list-icon i{color:var( --e-global-color-text );font-size:14px;}.elementor-1799 .elementor-element.elementor-element-a64d7e7 .elementor-icon-list-icon svg{fill:var( --e-global-color-text );--e-icon-list-icon-size:14px;}.elementor-1799 .elementor-element.elementor-element-a64d7e7 .elementor-icon-list-icon{width:14px;}.elementor-1799 .elementor-element.elementor-element-a64d7e7 .elementor-icon-list-text, .elementor-1799 .elementor-element.elementor-element-a64d7e7 .elementor-icon-list-text a{color:var( --e-global-color-text );}.elementor-1799 .elementor-element.elementor-element-a64d7e7 .elementor-icon-list-item{font-family:\"Outfit\", Sans-serif;font-size:12px;font-weight:300;}@media(max-width:1024px){.elementor-widget-theme-post-featured-image .widget-image-caption{font-size:var( --e-global-typography-text-font-size );letter-spacing:var( --e-global-typography-text-letter-spacing );}.elementor-widget-theme-post-title .elementor-heading-title{font-size:var( --e-global-typography-primary-font-size );}.elementor-1799 .elementor-element.elementor-element-e719966 .elementor-heading-title{font-size:24px;}.elementor-widget-theme-post-excerpt .elementor-widget-container{font-size:var( --e-global-typography-text-font-size );letter-spacing:var( --e-global-typography-text-letter-spacing );}.elementor-widget-post-info .elementor-icon-list-item{font-size:var( --e-global-typography-text-font-size );letter-spacing:var( --e-global-typography-text-letter-spacing );}}@media(max-width:767px){.elementor-widget-theme-post-featured-image .widget-image-caption{font-size:var( --e-global-typography-text-font-size );letter-spacing:var( --e-global-typography-text-letter-spacing );}.elementor-widget-theme-post-title .elementor-heading-title{font-size:var( --e-global-typography-primary-font-size );}.elementor-1799 .elementor-element.elementor-element-e719966 .elementor-heading-title{font-size:24px;}.elementor-widget-theme-post-excerpt .elementor-widget-container{font-size:var( --e-global-typography-text-font-size );letter-spacing:var( --e-global-typography-text-letter-spacing );}.elementor-widget-post-info .elementor-icon-list-item{font-size:var( --e-global-typography-text-font-size );letter-spacing:var( --e-global-typography-text-letter-spacing );}}<\/style>\t\t<div data-elementor-type=\"loop-item\" data-elementor-id=\"1799\" class=\"elementor elementor-1799 e-loop-item e-loop-item-2997 post-2997 post type-post status-publish format-standard has-post-thumbnail hentry category-acheteurs category-vendeurs\" data-elementor-post-type=\"elementor_library\" data-custom-edit-handle=\"1\">\n\t\t\t<div class=\"elementor-element elementor-element-73b3185 e-flex e-con-boxed e-con e-parent\" data-id=\"73b3185\" data-element_type=\"container\" data-e-type=\"container\">\n\t\t\t\t\t<div class=\"e-con-inner\">\n\t\t\t\t<div class=\"elementor-element elementor-element-ec05d90 elementor-widget__width-inherit elementor-invisible elementor-widget elementor-widget-theme-post-featured-image elementor-widget-image\" data-id=\"ec05d90\" data-element_type=\"widget\" data-e-type=\"widget\" data-settings=\"{&quot;_animation&quot;:&quot;fadeInUp&quot;}\" data-widget_type=\"theme-post-featured-image.default\">\n\t\t\t\t<div class=\"elementor-widget-container\">\n\t\t\t\t\t\t\t\t\t\t\t\t\t\t\t\t<a href=\"http:\/\/34.231.115.36\/fr\/reintroduction-de-wholesalexpress\/\">\n\t\t\t\t\t\t\t<img fetchpriority=\"high\" decoding=\"async\" width=\"768\" height=\"429\" src=\"http:\/\/34.231.115.36\/wp-content\/uploads\/Intro-1-768x429.gif\" class=\"attachment-medium_large size-medium_large wp-image-3026\" alt=\"\" srcset=\"http:\/\/34.231.115.36\/wp-content\/uploads\/Intro-1-768x429.gif 768w, http:\/\/34.231.115.36\/wp-content\/uploads\/Intro-1-300x168.gif 300w, http:\/\/34.231.115.36\/wp-content\/uploads\/Intro-1-1024x572.gif 1024w\" sizes=\"(max-width: 768px) 100vw, 768px\" \/>\t\t\t\t\t\t\t\t<\/a>\n\t\t\t\t\t\t\t\t\t\t\t\t\t\t\t<\/div>\n\t\t\t\t<\/div>\n\t\t\t\t<div class=\"elementor-element elementor-element-e719966 elementor-invisible elementor-widget elementor-widget-theme-post-title elementor-page-title elementor-widget-heading\" data-id=\"e719966\" data-element_type=\"widget\" data-e-type=\"widget\" data-settings=\"{&quot;_animation&quot;:&quot;fadeInUp&quot;}\" data-widget_type=\"theme-post-title.default\">\n\t\t\t\t<div class=\"elementor-widget-container\">\n\t\t\t\t\t<h1 class=\"elementor-heading-title elementor-size-default\">Red\u00e9couvrez WholesaleXpress<\/h1>\t\t\t\t<\/div>\n\t\t\t\t<\/div>\n\t\t\t\t<div class=\"elementor-element elementor-element-20d1d1f elementor-invisible elementor-widget elementor-widget-theme-post-excerpt\" data-id=\"20d1d1f\" data-element_type=\"widget\" data-e-type=\"widget\" data-settings=\"{&quot;_animation&quot;:&quot;fadeInUp&quot;}\" data-widget_type=\"theme-post-excerpt.default\">\n\t\t\t\t<div class=\"elementor-widget-container\">\n\t\t\t\t\tNous ne nous contentons pas de changer la donne, nous brisons les barri\u00e8res et red\u00e9finissons la fa\u00e7on dont les grossistes se d\u00e9placent. n'est pas une simple \u00e9volution, c'est une r\u00e9volution dans la fa\u00e7on dont les v\u00e9hicules sont achet\u00e9s et vendus. Et cela commence maintenant.  \t\t\t\t<\/div>\n\t\t\t\t<\/div>\n\t\t\t\t<div class=\"elementor-element elementor-element-a64d7e7 elementor-align-left elementor-invisible elementor-widget elementor-widget-post-info\" data-id=\"a64d7e7\" data-element_type=\"widget\" data-e-type=\"widget\" data-settings=\"{&quot;_animation&quot;:&quot;fadeInUp&quot;}\" data-widget_type=\"post-info.default\">\n\t\t\t\t<div class=\"elementor-widget-container\">\n\t\t\t\t\t\t\t<ul class=\"elementor-inline-items elementor-icon-list-items elementor-post-info\">\n\t\t\t\t\t\t\t\t<li class=\"elementor-icon-list-item elementor-repeater-item-cbd5106 elementor-inline-item\" itemprop=\"author\">\n\t\t\t\t\t\t<a href=\"http:\/\/34.231.115.36\/fr\/author\/user\/\">\n\t\t\t\t\t\t\t\t\t\t\t<span class=\"elementor-icon-list-icon\">\n\t\t\t\t\t\t\t\t<svg xmlns=\"http:\/\/www.w3.org\/2000\/svg\" width=\"16\" height=\"16\" viewBox=\"0 0 16 16\" fill=\"none\"><g clip-path=\"url(#clip0_1220_1528)\"><path d=\"M12.8781 13.0188C12.4406 11.2844 10.8719 10 9 10H7C5.12812 10 3.55938 11.2844 3.12188 13.0188C1.8125 11.7469 1 9.96875 1 8C1 4.13438 4.13438 1 8 1C11.8656 1 15 4.13438 15 8C15 9.96875 14.1875 11.7469 12.8781 13.0188ZM11.9875 13.75C10.8594 14.5375 9.48438 15 8 15C6.51562 15 5.14063 14.5375 4.00938 13.7531C4.13438 12.2125 5.425 11 7 11H9C10.575 11 11.8625 12.2125 11.9906 13.7531L11.9875 13.75ZM8 16C10.1217 16 12.1566 15.1571 13.6569 13.6569C15.1571 12.1566 16 10.1217 16 8C16 5.87827 15.1571 3.84344 13.6569 2.34315C12.1566 0.842855 10.1217 0 8 0C5.87827 0 3.84344 0.842855 2.34315 2.34315C0.842855 3.84344 0 5.87827 0 8C0 10.1217 0.842855 12.1566 2.34315 13.6569C3.84344 15.1571 5.87827 16 8 16ZM8 8C7.60218 8 7.22064 7.84196 6.93934 7.56066C6.65804 7.27936 6.5 6.89782 6.5 6.5C6.5 6.10218 6.65804 5.72064 6.93934 5.43934C7.22064 5.15804 7.60218 5 8 5C8.39782 5 8.77936 5.15804 9.06066 5.43934C9.34196 5.72064 9.5 6.10218 9.5 6.5C9.5 6.89782 9.34196 7.27936 9.06066 7.56066C8.77936 7.84196 8.39782 8 8 8ZM5.5 6.5C5.5 7.16304 5.76339 7.79893 6.23223 8.26777C6.70107 8.73661 7.33696 9 8 9C8.66304 9 9.29893 8.73661 9.76777 8.26777C10.2366 7.79893 10.5 7.16304 10.5 6.5C10.5 5.83696 10.2366 5.20107 9.76777 4.73223C9.29893 4.26339 8.66304 4 8 4C7.33696 4 6.70107 4.26339 6.23223 4.73223C5.76339 5.20107 5.5 5.83696 5.5 6.5Z\" fill=\"black\"><\/path><\/g><defs><clipPath id=\"clip0_1220_1528\"><rect width=\"16\" height=\"16\" fill=\"white\"><\/rect><\/clipPath><\/defs><\/svg>\t\t\t\t\t\t\t<\/span>\n\t\t\t\t\t\t\t\t\t<span class=\"elementor-icon-list-text elementor-post-info__item elementor-post-info__item--type-author\">\n\t\t\t\t\t\t\t\t\t\tHemal Jivani\t\t\t\t\t<\/span>\n\t\t\t\t\t\t\t\t\t<\/a>\n\t\t\t\t<\/li>\n\t\t\t\t<li class=\"elementor-icon-list-item elementor-repeater-item-6e0e400 elementor-inline-item\" itemprop=\"datePublished\">\n\t\t\t\t\t\t\t\t\t\t<span class=\"elementor-icon-list-icon\">\n\t\t\t\t\t\t\t\t<svg xmlns=\"http:\/\/www.w3.org\/2000\/svg\" width=\"14\" height=\"16\" viewBox=\"0 0 14 16\" fill=\"none\"><g clip-path=\"url(#clip0_1220_1530)\"><path d=\"M3.5 0C3.775 0 4 0.225 4 0.5V2H10V0.5C10 0.225 10.225 0 10.5 0C10.775 0 11 0.225 11 0.5V2H12C13.1031 2 14 2.89688 14 4V5V6V14C14 15.1031 13.1031 16 12 16H2C0.896875 16 0 15.1031 0 14V6V5V4C0 2.89688 0.896875 2 2 2H3V0.5C3 0.225 3.225 0 3.5 0ZM13 6H1V14C1 14.5531 1.44687 15 2 15H12C12.5531 15 13 14.5531 13 14V6ZM12 3H2C1.44687 3 1 3.44687 1 4V5H13V4C13 3.44687 12.5531 3 12 3Z\" fill=\"black\"><\/path><\/g><defs><clipPath id=\"clip0_1220_1530\"><rect width=\"14\" height=\"16\" fill=\"white\"><\/rect><\/clipPath><\/defs><\/svg>\t\t\t\t\t\t\t<\/span>\n\t\t\t\t\t\t\t\t\t<span class=\"elementor-icon-list-text elementor-post-info__item elementor-post-info__item--type-date\">\n\t\t\t\t\t\t\t\t\t\t<time>mars 6, 2025<\/time>\t\t\t\t\t<\/span>\n\t\t\t\t\t\t\t\t<\/li>\n\t\t\t\t<li class=\"elementor-icon-list-item elementor-repeater-item-590749f elementor-inline-item\">\n\t\t\t\t\t\t\t\t\t\t<span class=\"elementor-icon-list-icon\">\n\t\t\t\t\t\t\t\t<svg xmlns=\"http:\/\/www.w3.org\/2000\/svg\" width=\"16\" height=\"16\" viewBox=\"0 0 16 16\" fill=\"none\"><g clip-path=\"url(#clip0_1220_1532)\"><path d=\"M15 8C15 9.85652 14.2625 11.637 12.9497 12.9497C11.637 14.2625 9.85652 15 8 15C6.14348 15 4.36301 14.2625 3.05025 12.9497C1.7375 11.637 1 9.85652 1 8C1 6.14348 1.7375 4.36301 3.05025 3.05025C4.36301 1.7375 6.14348 1 8 1C9.85652 1 11.637 1.7375 12.9497 3.05025C14.2625 4.36301 15 6.14348 15 8ZM0 8C0 10.1217 0.842855 12.1566 2.34315 13.6569C3.84344 15.1571 5.87827 16 8 16C10.1217 16 12.1566 15.1571 13.6569 13.6569C15.1571 12.1566 16 10.1217 16 8C16 5.87827 15.1571 3.84344 13.6569 2.34315C12.1566 0.842855 10.1217 0 8 0C5.87827 0 3.84344 0.842855 2.34315 2.34315C0.842855 3.84344 0 5.87827 0 8ZM7.5 3.5V8C7.5 8.275 7.725 8.5 8 8.5H11.5C11.775 8.5 12 8.275 12 8C12 7.725 11.775 7.5 11.5 7.5H8.5V3.5C8.5 3.225 8.275 3 8 3C7.725 3 7.5 3.225 7.5 3.5Z\" fill=\"black\"><\/path><\/g><defs><clipPath id=\"clip0_1220_1532\"><rect width=\"16\" height=\"16\" fill=\"white\"><\/rect><\/clipPath><\/defs><\/svg>\t\t\t\t\t\t\t<\/span>\n\t\t\t\t\t\t\t\t\t<span class=\"elementor-icon-list-text elementor-post-info__item elementor-post-info__item--type-time\">\n\t\t\t\t\t\t\t\t\t\t<time>3:06 am<\/time>\t\t\t\t\t<\/span>\n\t\t\t\t\t\t\t\t<\/li>\n\t\t\t\t<\/ul>\n\t\t\t\t\t\t<\/div>\n\t\t\t\t<\/div>\n\t\t\t\t\t<\/div>\n\t\t\t\t<\/div>\n\t\t\t\t<\/div>\n\t\t\t\t<\/div>\n\t\t\n\t\t\t\t\t\t<\/div>\n\t\t\t\t<\/div>\n\t\t\t\t<\/div>\n\t\t\t\t<\/div>\n\t\t\t\t<\/div>\n\t\t","protected":false},"excerpt":{"rendered":"<p>Blog Histoires, conseils et perspectives Search Rechercher Filtres Buyers Dealers Sellers Tous<\/p>\n","protected":false},"author":1,"featured_media":0,"parent":0,"menu_order":0,"comment_status":"closed","ping_status":"closed","template":"","meta":{"inline_featured_image":false,"footnotes":""},"class_list":["post-2723","page","type-page","status-publish","hentry"],"_links":{"self":[{"href":"http:\/\/34.231.115.36\/fr\/wp-json\/wp\/v2\/pages\/2723","targetHints":{"allow":["GET"]}}],"collection":[{"href":"http:\/\/34.231.115.36\/fr\/wp-json\/wp\/v2\/pages"}],"about":[{"href":"http:\/\/34.231.115.36\/fr\/wp-json\/wp\/v2\/types\/page"}],"author":[{"embeddable":true,"href":"http:\/\/34.231.115.36\/fr\/wp-json\/wp\/v2\/users\/1"}],"replies":[{"embeddable":true,"href":"http:\/\/34.231.115.36\/fr\/wp-json\/wp\/v2\/comments?post=2723"}],"version-history":[{"count":1,"href":"http:\/\/34.231.115.36\/fr\/wp-json\/wp\/v2\/pages\/2723\/revisions"}],"predecessor-version":[{"id":2724,"href":"http:\/\/34.231.115.36\/fr\/wp-json\/wp\/v2\/pages\/2723\/revisions\/2724"}],"wp:attachment":[{"href":"http:\/\/34.231.115.36\/fr\/wp-json\/wp\/v2\/media?parent=2723"}],"curies":[{"name":"wp","href":"https:\/\/api.w.org\/{rel}","templated":true}]}}